{"id":1160,"date":"2021-10-15T18:56:32","date_gmt":"2021-10-15T16:56:32","guid":{"rendered":"https:\/\/mctime.com\/de\/?page_id=1160"},"modified":"2021-10-15T19:03:27","modified_gmt":"2021-10-15T17:03:27","slug":"muster-betriebsvereinbarung","status":"publish","type":"page","link":"https:\/\/mctime.com\/de\/legal\/muster-betriebsvereinbarung\/","title":{"rendered":"Muster Betriebsvereinbarung"},"content":{"rendered":"\t\t<div data-elementor-type=\"wp-page\" data-elementor-id=\"1160\" class=\"elementor elementor-1160\" data-elementor-settings=\"{&quot;ha_cmc_init_switcher&quot;:&quot;no&quot;}\" data-elementor-post-type=\"page\">\n\t\t\t\t\t\t<section class=\"elementor-section elementor-top-section elementor-element elementor-element-015eb4c elementor-section-boxed elementor-section-height-default elementor-section-height-default\" data-id=\"015eb4c\" data-element_type=\"section\" data-e-type=\"section\" data-settings=\"{&quot;_ha_eqh_enable&quot;:false}\">\n\t\t\t\t\t\t<div class=\"elementor-container elementor-column-gap-default\">\n\t\t\t\t\t<div class=\"elementor-column elementor-col-100 elementor-top-column elementor-element elementor-element-87456c5\" data-id=\"87456c5\" data-element_type=\"column\" data-e-type=\"column\">\n\t\t\t<div class=\"elementor-widget-wrap elementor-element-populated\">\n\t\t\t\t\t\t<div class=\"elementor-element elementor-element-e09076c elementor-widget elementor-widget-spacer\" data-id=\"e09076c\" data-element_type=\"widget\" data-e-type=\"widget\" data-widget_type=\"spacer.default\">\n\t\t\t\t<div class=\"elementor-widget-container\">\n\t\t\t\t\t\t\t<div class=\"elementor-spacer\">\n\t\t\t<div class=\"elementor-spacer-inner\"><\/div>\n\t\t<\/div>\n\t\t\t\t\t\t<\/div>\n\t\t\t\t<\/div>\n\t\t\t\t\t<\/div>\n\t\t<\/div>\n\t\t\t\t\t<\/div>\n\t\t<\/section>\n\t\t\t\t<section class=\"elementor-section elementor-top-section elementor-element elementor-element-80bb11c elementor-section-boxed elementor-section-height-default elementor-section-height-default\" data-id=\"80bb11c\" data-element_type=\"section\" data-e-type=\"section\" data-settings=\"{&quot;_ha_eqh_enable&quot;:false}\">\n\t\t\t\t\t\t<div class=\"elementor-container elementor-column-gap-default\">\n\t\t\t\t\t<div class=\"elementor-column elementor-col-100 elementor-top-column elementor-element elementor-element-feb017d\" data-id=\"feb017d\" data-element_type=\"column\" data-e-type=\"column\">\n\t\t\t<div class=\"elementor-widget-wrap elementor-element-populated\">\n\t\t\t\t\t\t<div class=\"elementor-element elementor-element-b402c16 elementor-widget elementor-widget-text-editor\" data-id=\"b402c16\" data-element_type=\"widget\" data-e-type=\"widget\" data-widget_type=\"text-editor.default\">\n\t\t\t\t<div class=\"elementor-widget-container\">\n\t\t\t\t\t\t\t\t\t<h4 align=\"center\"><strong>MUSTER BETRIEBSVEREINABRUNG<\/strong><\/h4>\n<p align=\"center\"><strong>\u00fcber die Einf\u00fchrung und den Betrieb eines elektronischen Zeiterfassungs-, Zeitverarbeitungs- und Lohnabrechnungssystems<\/strong><\/p>\n<br>\nabgeschlossen zwischen der\n<br><br>\n<strong>[Dienstgeber] <\/strong>[Firmenbuchnummer]\n(im Folgenden auch: \u201e<strong>Dienstgeber<\/strong>\u201c)\n<br><br>\nund dem\n<br><br>\n<strong>Angestelltenbetriebsrat<\/strong> des Dienstgebers\n<br><br>\n[sowie dem \/ oder]\n<br><br>\n<strong>Arbeiterbetriebsrat<\/strong> des Dienstgebers\n<br><br>\nwie folgt:\n<br><br>\n<strong>1. <u>Pr\u00e4ambel<\/u><\/strong>\n<br><br>\n1.1. Ziel dieser Vereinbarung ist die Regelung \u00fcber die Zeiterfassung zur Vereinfachung und Optimierung von Zeit- und T\u00e4tigkeitsaufzeichnungen.\n<br><br>\n1.2. Die Anwendung des elektronischen Zeiterfassungs- und Zeitverarbeitungssystems dient der exakten Kostenrechnung und der Vereinfachung der Arbeitszeitenerfassung.\n<br><br>\n1.3. Die Gesch\u00e4ftsleitung sichert zu, dass durch den Einsatz des elektronischen Zeiterfassungs- und Zeitverarbeitungssystems keinerlei unmittelbare oder mittelbare Leistungs- und \/ oder Verhaltenskontrolle erfolgt. Alle in der Betriebsvereinbarung erw\u00e4hnten Anlagen sind Bestandteil dieser Betriebsvereinbarung.\n<br><br>\n1.4. Diese Betriebsvereinbarung gilt f\u00fcr alle Dienstnehmerlnnen der [Firma].\n<br><br>\n<strong>2. <u>Systemdarstellung<\/u><\/strong>\n<br><br>\n2.1. Die T\u00e4tigkeitsaufzeichnung erfolgt \u00fcber mobile Endger\u00e4te idR Smartphone sowie \u00fcber PC \/ Laptop mittels der cloudbasierten McTime-Applikation von Infocom GmbH (\u201e<strong>McTime-Applikation<\/strong>\u201c), welche in Anlage 2.1 beschrieben ist.\n<br><br>\n2.2. Die Daten der T\u00e4tigkeitsaufzeichnungen werden in dem cloudbasierten System der Infocom GmbH gespeichert, um den Dienstbeginn sowie Dienstende der \/ des jeweiligen DienstnehmerIn als auch den Ort der T\u00e4tigkeitsverrichtung zu erfassen. Die in der cloudbasierten McTime-Applikation gespeicherten Daten werden anschlie\u00dfend f\u00fcr die automatisierte Lohnverrechnung verwendet.\n<br><br>\n<strong>3. <u>Speicherdauer<\/u><\/strong>\n<br><br>\n3.1. Alle erfassten Daten sind entsprechend der gesetzlichen Vorgaben zu l\u00f6schen.\n<br><br>\n<strong>4. <u>Zugriffsberechtigungen<\/u><\/strong>\n<br><br>\n4.1. Die zugriffsberechtigten DienstnehmerInnen und zugriffsberechtigten Dritten sind in Anlage 4.1 dokumentiert.\n<br><br>\n4.2. Die zugriffsberechtigten DienstnehmerInnen und Dritte werden verpflichtet, ihre jeweiligen Berechtigungen ausschlie\u00dflich im dienstlichen Auftrag bzw. im Rahmen des mit dem Dienstgeber abgeschlossenen Auftragsvertrages zu ben\u00fctzen.\n<br><br>\n<strong>5. <u>Datenausgabe<\/u><\/strong>\n<br><br>\n5.1. Die zur Anwendung kommenden Auswertungen (Listen auf Bildschirm, Listen f\u00fcr Druckerausgaben) sind als Anlage 5.1 Bestandteil dieser Betriebsvereinbarung.\n<br><br>\n<strong>6. <u>Erfassungsinstrument<\/u><\/strong>\n<br><br>\n6.1. Zur Bedienung des Zeiterfassungs- und Zeitverarbeitungssystems verwendet jede\/r DienstnehmerIn die unter Punkt 2.1 definierte McTime-Applikation.\n<br><br>\n6.2. Bei technischen St\u00f6rungen der McTime-Applikation sowie bei Verlust oder Besch\u00e4digung oder St\u00f6rung des mobilen Endger\u00e4tes \/ PC \/ Laptops ist der Dienstgeber unverz\u00fcglich davon in Kenntnis zu setzen. [Bei Aufl\u00f6sung des Dienstverh\u00e4ltnisses ist das mobile Endger\u00e4t sowie der Laptop bis zum letzten Arbeitstag beim Dienstgeber abzugeben.]\n<br><br>\n<strong>7. <u>System- und Anwendungs\u00e4nderungen<\/u><\/strong>\n<br><br>\n7.1. Alle \u00c4nderungen sind mit dem Betriebsrat im Vorhinein schriftlich zu vereinbaren.\n<br><br>\n<strong>8. <u>Allgemeines zur Zeiterfassung und Zeitverarbeitung<\/u><\/strong>\n<br><br>\n8.1. Jede\/r DienstnehmerIn hat den Beginn und das Ende der Dienstzeit sowie den Ort der T\u00e4tigkeitsverrichtung mittels der McTime-Applikation zu erfassen.\n<br><br>\n8.2. Die verwendeten Zeitmodelle sind in der Betriebsvereinbarung gem\u00e4\u00df \u00a7 97 Abs 1 Z 2 Arbeitsverfassungsgesetz (ArbVG) sowie \u00a7 4 Abs. 2 Arbeitszeitgesetz (AZG) \u00fcber die Einf\u00fchrung der Gleitzeit dokumentiert, welche (\u201e<strong>BV Gleitzeit<\/strong>\u201c) als Anlage 2. Bestandteil dieser Betriebsvereinbarung ist.\n<br><br>\n8.3. In die McTime-Applikation werden zus\u00e4tzlich s\u00e4mtliche Dienstzeiten \/ Fehlzeiten (Krankheiten, Urlaub, entgeltpflichtige Dienstverhinderung etc.), die in Gesetzen, Kollektivvertr\u00e4gen oder Betriebsvereinbarungen vorgesehen sind, und nicht bereits durch die DienstnehmerInnen erfasst werden, gespeichert.\n<br><br>\n8.4. Korrekturen von Zeitbuchungen werden in der McTime-Applikation entsprechend gekennzeichnet.\n<br><br>\n8.5. Bei Systemausfall werden die Zeiten nach Angaben der \/ des DienstnehmerIn nachgetragen.\n<br><br>\n<strong>9. <u>Rechte der DienstnehmerInnen<\/u><\/strong>\n<br><br>\n9.1. Die DienstnehmerInnen sind unter Fortzahlung des Entgeltes w\u00e4hrend der Arbeitszeit \u00fcber die technischen Grundzusammenh\u00e4nge, Zweck und Wirkungsweisen der McTime-Applikation sowie \u00fcber die Regelungen dieser Betriebsvereinbarung zu informieren.\n<br><br>\n9.2. Jeder\/jedem DienstnehmerIn ist monatlich ein Ausdruck, aus dem alle Zeitbuchungen und personenbezogene Daten (inklusive der manuell erfassten Fehlzeiten) ersichtlich sind, auszuh\u00e4ndigen und durch den\/die DienstnehmerIn gegenzuzeichnen.\n<br><br>\n9.3. Die DienstnehmerInnen haben das Recht, vermutete oder tats\u00e4chliche Verst\u00f6\u00dfe gegen das Datenschutzgesetz oder gegen diese Betriebsvereinbarung dem Betriebsrat zu melden. Ihnen d\u00fcrfen hierdurch keine Nachteile entstehen. Personelle Ma\u00dfnahmen, die auf Auswertungen beruhen, die in dieser Betriebsvereinbarung geregelt sind, sind rechtsunwirksam.\n<br><br>\n<strong>10. <u>Rechte des Betriebsrates<\/u><\/strong>\n<br><br>\n10.1. Der Betriebsrat hat das Recht, jederzeit die Einhaltung der Betriebsvereinbarung zu kontrollieren. Au\u00dferdem hat der Betriebsrat das Recht, sich jederzeit die in der McTime-Applikation gespeicherten Daten der \/ des jeweiligen DienstnehmerIn ausdrucken zu lassen.\n<br><br>\n10.2. Zu diesem Zweck hat der Betriebsrat auch das Recht f\u00fcr die technische \u00dcberpr\u00fcfung auf Unternehmenskosten Fachleute seines Vertrauens beizuziehen. Weiters sind die f\u00fcr den Betrieb der McTime-Applikation Verantwortlichen dem Betriebsrat gegen\u00fcber zu jeder Auskunft \u00fcber die McTime-Applikation verpflichtet. Um die notwendigen Qualifikationen zur Wahrnehmung seiner Kontrollrechte zu erlangen, werden einerseits dem Betriebsrat von der Gesch\u00e4ftsleitung geeignete Informationsmittel (Handbuch) zur Verf\u00fcgung gestellt, andererseits kann er an innerbetrieblichen Einschulungen teilnehmen. Dar\u00fcber hinaus wird sichergestellt, dass dem Betriebsrat auf Wunsch eines\/einer DienstnehmerIn die gew\u00fcnschten Daten unverz\u00fcglich zur Verf\u00fcgung gestellt werden.\n<br><br>\n<strong>11. <u>Datenschutzrecht<\/u><\/strong>\n<br><br>\n11.1. Der Dienstgeber stellt sicher, dass die Datenspeicherung, \u00dcberarbeitung und Weitergabe an Dritte jeweils nach Ma\u00dfgabe der Datenschutz-Grundverordnung (\u201e<strong>DSGVO<\/strong>\u201c), insbesondere der Bestimmungen des\u00a0 Art 24, 25, 28 und 32 DSGVO, sowie nach Ma\u00dfgabe des Datenschutzgesetzes in der jeweils g\u00fcltigen Fassung erfolgen. Gem\u00e4\u00df Art 28 DSGVO verpflichtet sich der Dienstgeber beim Einsatz eines Auftragsverarbeiters mit diesem einen schriftlichen Vertrag abzuschlie\u00dfen.\n<br><br>\n<strong>12. <u>Schlussbestimmungen<\/u><\/strong>\n<br><br>\n12.1. Diese Vereinbarung tritt mit dem der Unterzeichnung folgenden Tag in Kraft.\n<br><br>\n<strong>Anlagenverzeichnis<\/strong>\n<br>\n[Anlagen]\n<br>\n[Ort], am [Datum]\n<br>\t\t\t\t\t\t\t\t<\/div>\n\t\t\t\t<\/div>\n\t\t\t\t\t<\/div>\n\t\t<\/div>\n\t\t\t\t\t<\/div>\n\t\t<\/section>\n\t\t\t\t<section class=\"elementor-section elementor-top-section elementor-element elementor-element-6bd2361 elementor-section-boxed elementor-section-height-default elementor-section-height-default\" data-id=\"6bd2361\" data-element_type=\"section\" data-e-type=\"section\" data-settings=\"{&quot;_ha_eqh_enable&quot;:false}\">\n\t\t\t\t\t\t<div class=\"elementor-container elementor-column-gap-default\">\n\t\t\t\t\t<div class=\"elementor-column elementor-col-100 elementor-top-column elementor-element elementor-element-901f2a3\" data-id=\"901f2a3\" data-element_type=\"column\" data-e-type=\"column\">\n\t\t\t<div class=\"elementor-widget-wrap elementor-element-populated\">\n\t\t\t\t\t\t<div class=\"elementor-element elementor-element-2e048fa elementor-widget elementor-widget-spacer\" data-id=\"2e048fa\" data-element_type=\"widget\" data-e-type=\"widget\" data-widget_type=\"spacer.default\">\n\t\t\t\t<div class=\"elementor-widget-container\">\n\t\t\t\t\t\t\t<div class=\"elementor-spacer\">\n\t\t\t<div class=\"elementor-spacer-inner\"><\/div>\n\t\t<\/div>\n\t\t\t\t\t\t<\/div>\n\t\t\t\t<\/div>\n\t\t\t\t\t<\/div>\n\t\t<\/div>\n\t\t\t\t\t<\/div>\n\t\t<\/section>\n\t\t\t\t<\/div>\n\t\t","protected":false},"excerpt":{"rendered":"<p>MUSTER BETRIEBSVEREINABRUNG \u00fcber die Einf\u00fchrung und den Betrieb eines elektronischen Zeiterfassungs-, Zeitverarbeitungs- und Lohnabrechnungssystems abgeschlossen zwischen der [Dienstgeber] [Firmenbuchnummer] (im Folgenden auch: \u201eDienstgeber\u201c) und dem Angestelltenbetriebsrat des Dienstgebers [sowie dem \/ oder] Arbeiterbetriebsrat des Dienstgebers wie folgt: 1. Pr\u00e4ambel 1.1. Ziel dieser Vereinbarung ist die Regelung \u00fcber die Zeiterfassung zur Vereinfachung und Optimierung von Zeit- [&hellip;]<\/p>\n","protected":false},"author":1,"featured_media":0,"parent":1062,"menu_order":0,"comment_status":"closed","ping_status":"closed","template":"","meta":{"site-sidebar-layout":"no-sidebar","site-content-layout":"page-builder","ast-site-content-layout":"default","site-content-style":"default","site-sidebar-style":"default","ast-global-header-display":"","ast-banner-title-visibility":"","ast-main-header-display":"","ast-hfb-above-header-display":"","ast-hfb-below-header-display":"","ast-hfb-mobile-header-display":"","site-post-title":"disabled","ast-breadcrumbs-content":"","ast-featured-img":"disabled","footer-sml-layout":"","ast-disable-related-posts":"","theme-transparent-header-meta":"default","adv-header-id-meta":"","stick-header-meta":"","header-above-stick-meta":"","header-main-stick-meta":"","header-below-stick-meta":"","astra-migrate-meta-layouts":"default","ast-page-background-enabled":"default","ast-page-background-meta":{"desktop":{"background-color":"","background-image":"","background-repeat":"repeat","background-position":"center center","background-size":"auto","background-attachment":"scroll","background-type":"","background-media":"","overlay-type":"","overlay-color":"","overlay-opacity":"","overlay-gradient":""},"tablet":{"background-color":"","background-image":"","background-repeat":"repeat","background-position":"center center","background-size":"auto","background-attachment":"scroll","background-type":"","background-media":"","overlay-type":"","overlay-color":"","overlay-opacity":"","overlay-gradient":""},"mobile":{"background-color":"","background-image":"","background-repeat":"repeat","background-position":"center center","background-size":"auto","background-attachment":"scroll","background-type":"","background-media":"","overlay-type":"","overlay-color":"","overlay-opacity":"","overlay-gradient":""}},"ast-content-background-meta":{"desktop":{"background-color":"var(--ast-global-color-5)","background-image":"","background-repeat":"repeat","background-position":"center center","background-size":"auto","background-attachment":"scroll","background-type":"","background-media":"","overlay-type":"","overlay-color":"","overlay-opacity":"","overlay-gradient":""},"tablet":{"background-color":"var(--ast-global-color-5)","background-image":"","background-repeat":"repeat","background-position":"center center","background-size":"auto","background-attachment":"scroll","background-type":"","background-media":"","overlay-type":"","overlay-color":"","overlay-opacity":"","overlay-gradient":""},"mobile":{"background-color":"var(--ast-global-color-5)","background-image":"","background-repeat":"repeat","background-position":"center center","background-size":"auto","background-attachment":"scroll","background-type":"","background-media":"","overlay-type":"","overlay-color":"","overlay-opacity":"","overlay-gradient":""}},"footnotes":""},"class_list":["post-1160","page","type-page","status-publish","hentry"],"yoast_head":"<!-- This site is optimized with the Yoast SEO plugin v27.3 - https:\/\/yoast.com\/product\/yoast-seo-wordpress\/ -->\n<title>Muster Betriebsvereinbarung - McTime - Zeiterfassung Software<\/title>\n<meta name=\"description\" content=\"McTime hilft Unternehmen aller Gr\u00f6\u00dfen Zeiten zu erfassen und Abwesenheiten zu managen. Einfache Bedienung, beliebt bei Chefs und Mitarbeitern.\" \/>\n<meta name=\"robots\" content=\"index, follow, max-snippet:-1, max-image-preview:large, max-video-preview:-1\" \/>\n<link rel=\"canonical\" href=\"https:\/\/mctime.com\/de\/legal\/muster-betriebsvereinbarung\/\" \/>\n<meta property=\"og:locale\" content=\"en_US\" \/>\n<meta property=\"og:type\" content=\"article\" \/>\n<meta property=\"og:title\" content=\"Muster Betriebsvereinbarung - McTime - Zeiterfassung Software\" \/>\n<meta property=\"og:description\" content=\"McTime hilft Unternehmen aller Gr\u00f6\u00dfen Zeiten zu erfassen und Abwesenheiten zu managen. Einfache Bedienung, beliebt bei Chefs und Mitarbeitern.\" \/>\n<meta property=\"og:url\" content=\"https:\/\/mctime.com\/de\/legal\/muster-betriebsvereinbarung\/\" \/>\n<meta property=\"og:site_name\" content=\"McTime - Zeiterfassung Software\" \/>\n<meta property=\"article:publisher\" content=\"https:\/\/www.facebook.com\/McTimeSoftware\" \/>\n<meta property=\"article:modified_time\" content=\"2021-10-15T17:03:27+00:00\" \/>\n<meta property=\"og:image\" content=\"https:\/\/mctime.com\/de\/wp-content\/uploads\/2022\/01\/mctime_logo.png\" \/>\n\t<meta property=\"og:image:width\" content=\"2342\" \/>\n\t<meta property=\"og:image:height\" content=\"568\" \/>\n\t<meta property=\"og:image:type\" content=\"image\/png\" \/>\n<meta name=\"twitter:card\" content=\"summary_large_image\" \/>\n<meta name=\"twitter:label1\" content=\"Est. reading time\" \/>\n\t<meta name=\"twitter:data1\" content=\"4 minutes\" \/>\n<script type=\"application\/ld+json\" class=\"yoast-schema-graph\">{\"@context\":\"https:\\\/\\\/schema.org\",\"@graph\":[{\"@type\":\"WebPage\",\"@id\":\"https:\\\/\\\/mctime.com\\\/de\\\/legal\\\/muster-betriebsvereinbarung\\\/\",\"url\":\"https:\\\/\\\/mctime.com\\\/de\\\/legal\\\/muster-betriebsvereinbarung\\\/\",\"name\":\"Muster Betriebsvereinbarung - McTime - Zeiterfassung Software\",\"isPartOf\":{\"@id\":\"https:\\\/\\\/mctime.com\\\/de\\\/#website\"},\"datePublished\":\"2021-10-15T16:56:32+00:00\",\"dateModified\":\"2021-10-15T17:03:27+00:00\",\"description\":\"McTime hilft Unternehmen aller Gr\u00f6\u00dfen Zeiten zu erfassen und Abwesenheiten zu managen. Einfache Bedienung, beliebt bei Chefs und Mitarbeitern.\",\"breadcrumb\":{\"@id\":\"https:\\\/\\\/mctime.com\\\/de\\\/legal\\\/muster-betriebsvereinbarung\\\/#breadcrumb\"},\"inLanguage\":\"en-US\",\"potentialAction\":[{\"@type\":\"ReadAction\",\"target\":[\"https:\\\/\\\/mctime.com\\\/de\\\/legal\\\/muster-betriebsvereinbarung\\\/\"]}]},{\"@type\":\"BreadcrumbList\",\"@id\":\"https:\\\/\\\/mctime.com\\\/de\\\/legal\\\/muster-betriebsvereinbarung\\\/#breadcrumb\",\"itemListElement\":[{\"@type\":\"ListItem\",\"position\":1,\"name\":\"Home\",\"item\":\"https:\\\/\\\/mctime.com\\\/de\\\/\"},{\"@type\":\"ListItem\",\"position\":2,\"name\":\"Legal Index\",\"item\":\"https:\\\/\\\/mctime.com\\\/de\\\/legal\\\/\"},{\"@type\":\"ListItem\",\"position\":3,\"name\":\"Muster Betriebsvereinbarung\"}]},{\"@type\":\"WebSite\",\"@id\":\"https:\\\/\\\/mctime.com\\\/de\\\/#website\",\"url\":\"https:\\\/\\\/mctime.com\\\/de\\\/\",\"name\":\"McTime - Zeiterfassung Software\",\"description\":\"McTime Zeiterfassung hilft Unternehmen aller Gr\u00f6\u00dfen Zeiten zu erfassen und Abwesenheiten zu managen. Einfache Bedienung, beliebt bei Chefs und Mitarbeitern.\",\"publisher\":{\"@id\":\"https:\\\/\\\/mctime.com\\\/de\\\/#organization\"},\"potentialAction\":[{\"@type\":\"SearchAction\",\"target\":{\"@type\":\"EntryPoint\",\"urlTemplate\":\"https:\\\/\\\/mctime.com\\\/de\\\/?s={search_term_string}\"},\"query-input\":{\"@type\":\"PropertyValueSpecification\",\"valueRequired\":true,\"valueName\":\"search_term_string\"}}],\"inLanguage\":\"en-US\"},{\"@type\":\"Organization\",\"@id\":\"https:\\\/\\\/mctime.com\\\/de\\\/#organization\",\"name\":\"McTime\",\"url\":\"https:\\\/\\\/mctime.com\\\/de\\\/\",\"logo\":{\"@type\":\"ImageObject\",\"inLanguage\":\"en-US\",\"@id\":\"https:\\\/\\\/mctime.com\\\/de\\\/#\\\/schema\\\/logo\\\/image\\\/\",\"url\":\"https:\\\/\\\/mctime.com\\\/de\\\/wp-content\\\/uploads\\\/2022\\\/01\\\/mctime_icon_512x512.png\",\"contentUrl\":\"https:\\\/\\\/mctime.com\\\/de\\\/wp-content\\\/uploads\\\/2022\\\/01\\\/mctime_icon_512x512.png\",\"width\":512,\"height\":512,\"caption\":\"McTime\"},\"image\":{\"@id\":\"https:\\\/\\\/mctime.com\\\/de\\\/#\\\/schema\\\/logo\\\/image\\\/\"},\"sameAs\":[\"https:\\\/\\\/www.facebook.com\\\/McTimeSoftware\",\"https:\\\/\\\/www.instagram.com\\\/mctimesoftware\\\/\"]}]}<\/script>\n<!-- \/ Yoast SEO plugin. -->","yoast_head_json":{"title":"Muster Betriebsvereinbarung - McTime - Zeiterfassung Software","description":"McTime hilft Unternehmen aller Gr\u00f6\u00dfen Zeiten zu erfassen und Abwesenheiten zu managen. Einfache Bedienung, beliebt bei Chefs und Mitarbeitern.","robots":{"index":"index","follow":"follow","max-snippet":"max-snippet:-1","max-image-preview":"max-image-preview:large","max-video-preview":"max-video-preview:-1"},"canonical":"https:\/\/mctime.com\/de\/legal\/muster-betriebsvereinbarung\/","og_locale":"en_US","og_type":"article","og_title":"Muster Betriebsvereinbarung - McTime - Zeiterfassung Software","og_description":"McTime hilft Unternehmen aller Gr\u00f6\u00dfen Zeiten zu erfassen und Abwesenheiten zu managen. Einfache Bedienung, beliebt bei Chefs und Mitarbeitern.","og_url":"https:\/\/mctime.com\/de\/legal\/muster-betriebsvereinbarung\/","og_site_name":"McTime - Zeiterfassung Software","article_publisher":"https:\/\/www.facebook.com\/McTimeSoftware","article_modified_time":"2021-10-15T17:03:27+00:00","og_image":[{"width":2342,"height":568,"url":"https:\/\/mctime.com\/de\/wp-content\/uploads\/2022\/01\/mctime_logo.png","type":"image\/png"}],"twitter_card":"summary_large_image","twitter_misc":{"Est. reading time":"4 minutes"},"schema":{"@context":"https:\/\/schema.org","@graph":[{"@type":"WebPage","@id":"https:\/\/mctime.com\/de\/legal\/muster-betriebsvereinbarung\/","url":"https:\/\/mctime.com\/de\/legal\/muster-betriebsvereinbarung\/","name":"Muster Betriebsvereinbarung - McTime - Zeiterfassung Software","isPartOf":{"@id":"https:\/\/mctime.com\/de\/#website"},"datePublished":"2021-10-15T16:56:32+00:00","dateModified":"2021-10-15T17:03:27+00:00","description":"McTime hilft Unternehmen aller Gr\u00f6\u00dfen Zeiten zu erfassen und Abwesenheiten zu managen. Einfache Bedienung, beliebt bei Chefs und Mitarbeitern.","breadcrumb":{"@id":"https:\/\/mctime.com\/de\/legal\/muster-betriebsvereinbarung\/#breadcrumb"},"inLanguage":"en-US","potentialAction":[{"@type":"ReadAction","target":["https:\/\/mctime.com\/de\/legal\/muster-betriebsvereinbarung\/"]}]},{"@type":"BreadcrumbList","@id":"https:\/\/mctime.com\/de\/legal\/muster-betriebsvereinbarung\/#breadcrumb","itemListElement":[{"@type":"ListItem","position":1,"name":"Home","item":"https:\/\/mctime.com\/de\/"},{"@type":"ListItem","position":2,"name":"Legal Index","item":"https:\/\/mctime.com\/de\/legal\/"},{"@type":"ListItem","position":3,"name":"Muster Betriebsvereinbarung"}]},{"@type":"WebSite","@id":"https:\/\/mctime.com\/de\/#website","url":"https:\/\/mctime.com\/de\/","name":"McTime - Zeiterfassung Software","description":"McTime Zeiterfassung hilft Unternehmen aller Gr\u00f6\u00dfen Zeiten zu erfassen und Abwesenheiten zu managen. Einfache Bedienung, beliebt bei Chefs und Mitarbeitern.","publisher":{"@id":"https:\/\/mctime.com\/de\/#organization"},"potentialAction":[{"@type":"SearchAction","target":{"@type":"EntryPoint","urlTemplate":"https:\/\/mctime.com\/de\/?s={search_term_string}"},"query-input":{"@type":"PropertyValueSpecification","valueRequired":true,"valueName":"search_term_string"}}],"inLanguage":"en-US"},{"@type":"Organization","@id":"https:\/\/mctime.com\/de\/#organization","name":"McTime","url":"https:\/\/mctime.com\/de\/","logo":{"@type":"ImageObject","inLanguage":"en-US","@id":"https:\/\/mctime.com\/de\/#\/schema\/logo\/image\/","url":"https:\/\/mctime.com\/de\/wp-content\/uploads\/2022\/01\/mctime_icon_512x512.png","contentUrl":"https:\/\/mctime.com\/de\/wp-content\/uploads\/2022\/01\/mctime_icon_512x512.png","width":512,"height":512,"caption":"McTime"},"image":{"@id":"https:\/\/mctime.com\/de\/#\/schema\/logo\/image\/"},"sameAs":["https:\/\/www.facebook.com\/McTimeSoftware","https:\/\/www.instagram.com\/mctimesoftware\/"]}]}},"_links":{"self":[{"href":"https:\/\/mctime.com\/de\/wp-json\/wp\/v2\/pages\/1160","targetHints":{"allow":["GET"]}}],"collection":[{"href":"https:\/\/mctime.com\/de\/wp-json\/wp\/v2\/pages"}],"about":[{"href":"https:\/\/mctime.com\/de\/wp-json\/wp\/v2\/types\/page"}],"author":[{"embeddable":true,"href":"https:\/\/mctime.com\/de\/wp-json\/wp\/v2\/users\/1"}],"replies":[{"embeddable":true,"href":"https:\/\/mctime.com\/de\/wp-json\/wp\/v2\/comments?post=1160"}],"version-history":[{"count":0,"href":"https:\/\/mctime.com\/de\/wp-json\/wp\/v2\/pages\/1160\/revisions"}],"up":[{"embeddable":true,"href":"https:\/\/mctime.com\/de\/wp-json\/wp\/v2\/pages\/1062"}],"wp:attachment":[{"href":"https:\/\/mctime.com\/de\/wp-json\/wp\/v2\/media?parent=1160"}],"curies":[{"name":"wp","href":"https:\/\/api.w.org\/{rel}","templated":true}]}}