{"id":1120,"date":"2021-10-15T17:57:21","date_gmt":"2021-10-15T15:57:21","guid":{"rendered":"https:\/\/mctime.com\/de\/?page_id=1120"},"modified":"2021-10-15T18:03:13","modified_gmt":"2021-10-15T16:03:13","slug":"disclaimer","status":"publish","type":"page","link":"https:\/\/mctime.com\/de\/legal\/disclaimer\/","title":{"rendered":"Haftungsausschluss"},"content":{"rendered":"\t\t<div data-elementor-type=\"wp-page\" data-elementor-id=\"1120\" class=\"elementor elementor-1120\" data-elementor-settings=\"{&quot;ha_cmc_init_switcher&quot;:&quot;no&quot;}\" data-elementor-post-type=\"page\">\n\t\t\t\t\t\t<section class=\"elementor-section elementor-top-section elementor-element elementor-element-015eb4c elementor-section-boxed elementor-section-height-default elementor-section-height-default\" data-id=\"015eb4c\" data-element_type=\"section\" data-e-type=\"section\" data-settings=\"{&quot;_ha_eqh_enable&quot;:false}\">\n\t\t\t\t\t\t<div class=\"elementor-container elementor-column-gap-default\">\n\t\t\t\t\t<div class=\"elementor-column elementor-col-100 elementor-top-column elementor-element elementor-element-87456c5\" data-id=\"87456c5\" data-element_type=\"column\" data-e-type=\"column\">\n\t\t\t<div class=\"elementor-widget-wrap elementor-element-populated\">\n\t\t\t\t\t\t<div class=\"elementor-element elementor-element-e09076c elementor-widget elementor-widget-spacer\" data-id=\"e09076c\" data-element_type=\"widget\" data-e-type=\"widget\" data-widget_type=\"spacer.default\">\n\t\t\t\t<div class=\"elementor-widget-container\">\n\t\t\t\t\t\t\t<div class=\"elementor-spacer\">\n\t\t\t<div class=\"elementor-spacer-inner\"><\/div>\n\t\t<\/div>\n\t\t\t\t\t\t<\/div>\n\t\t\t\t<\/div>\n\t\t\t\t\t<\/div>\n\t\t<\/div>\n\t\t\t\t\t<\/div>\n\t\t<\/section>\n\t\t\t\t<section class=\"elementor-section elementor-top-section elementor-element elementor-element-80bb11c elementor-section-boxed elementor-section-height-default elementor-section-height-default\" data-id=\"80bb11c\" data-element_type=\"section\" data-e-type=\"section\" data-settings=\"{&quot;_ha_eqh_enable&quot;:false}\">\n\t\t\t\t\t\t<div class=\"elementor-container elementor-column-gap-default\">\n\t\t\t\t\t<div class=\"elementor-column elementor-col-100 elementor-top-column elementor-element elementor-element-feb017d\" data-id=\"feb017d\" data-element_type=\"column\" data-e-type=\"column\">\n\t\t\t<div class=\"elementor-widget-wrap elementor-element-populated\">\n\t\t\t\t\t\t<div class=\"elementor-element elementor-element-b402c16 elementor-widget elementor-widget-text-editor\" data-id=\"b402c16\" data-element_type=\"widget\" data-e-type=\"widget\" data-widget_type=\"text-editor.default\">\n\t\t\t\t<div class=\"elementor-widget-container\">\n\t\t\t\t\t\t\t\t\t<p><span><h3>HAFTUNGSAUSSCHLUSS<\/span><\/h3><\/p>\n<p><span><p><strong><span>HAFTUNG F\u00dcR INHALTE<\/span><\/strong><\/p>\n<p><span>Als Diensteanbieter sind wir gem\u00e4\u00df \u00a7 7 Abs.1 TMG f\u00fcr eigene Inhalte auf diesen Seiten nach den allgemeinen Gesetzen verantwortlich. Nach \u00a7\u00a7 8 bis 10 TMG sind wir als Diensteanbieter jedoch nicht verpflichtet, \u00fcbermittelte oder gespeicherte fremde Informationen zu \u00fcberwachen oder nach Umst\u00e4nden zu forschen, die auf eine rechtswidrige T\u00e4tigkeit hinweisen. Verpflichtungen zur Entfernung oder Sperrung der Nutzung von Informationen nach den allgemeinen Gesetzen bleiben hiervon unber\u00fchrt. Eine diesbez\u00fcgliche Haftung ist jedoch erst ab dem Zeitpunkt der Kenntnis einer konkreten Rechtsverletzung m\u00f6glich. Bei Bekanntwerden von entsprechenden Rechtsverletzungen werden wir diese Inhalte umgehend entfernen.<\/span><\/p>\n<span>&#8211;<\/span>\n<p><strong><span>HAFTUNG F\u00dcR LINKS<\/span><\/strong><\/p>\n<p><span>Unser Angebot enth\u00e4lt Links zu externen Webseiten Dritter, auf deren Inhalte wir keinen Einfluss haben. Deshalb k\u00f6nnen wir f\u00fcr diese fremden Inhalte auch keine Gew\u00e4hr \u00fcbernehmen. F\u00fcr die Inhalte der verlinkten Seiten ist stets der jeweilige Anbieter oder Betreiber der Seiten verantwortlich. Die verlinkten Seiten wurden zum Zeitpunkt der Verlinkung auf m\u00f6gliche Rechtsverst\u00f6\u00dfe \u00fcberpr\u00fcft. Rechtswidrige Inhalte waren zum Zeitpunkt der Verlinkung nicht erkennbar. Eine permanente inhaltliche Kontrolle der verlinkten Seiten ist jedoch ohne konkrete Anhaltspunkte einer Rechtsverletzung nicht zumutbar. Bei Bekanntwerden von Rechtsverletzungen werden wir derartige Links umgehend entfernen.<\/span><\/p>\n<span>&#8211;<\/span>\n<p><strong><span>URHEBERRECHT<\/span><\/strong><\/p>\n<p><span>Die durch die Seitenbetreiber erstellten Inhalte und Werke auf diesen Seiten unterliegen dem \u00f6sterreichischen Urheberrecht. Die Vervielf\u00e4ltigung, Bearbeitung, Verbreitung und jede Art der Verwertung au\u00dferhalb der Grenzen des Urheberrechtes bed\u00fcrfen der schriftlichen Zustimmung des jeweiligen Autors bzw. Erstellers. Downloads und Kopien dieser Seite sind nur f\u00fcr den privaten, nicht kommerziellen Gebrauch gestattet. Soweit die Inhalte auf dieser Seite nicht vom Betreiber erstellt wurden, werden die Urheberrechte Dritter beachtet. Insbesondere werden Inhalte Dritter als solche gekennzeichnet. Sollten Sie trotzdem auf eine Urheberrechtsverletzung aufmerksam werden, bitten wir um einen entsprechenden Hinweis. Bei Bekanntwerden von Rechtsverletzungen werden wir derartige Inhalte umgehend entfernen.<\/span><\/p>\t\t\t\t\t\t\t\t<\/div>\n\t\t\t\t<\/div>\n\t\t\t\t\t<\/div>\n\t\t<\/div>\n\t\t\t\t\t<\/div>\n\t\t<\/section>\n\t\t\t\t<section class=\"elementor-section elementor-top-section elementor-element elementor-element-6bd2361 elementor-section-boxed elementor-section-height-default elementor-section-height-default\" data-id=\"6bd2361\" data-element_type=\"section\" data-e-type=\"section\" data-settings=\"{&quot;_ha_eqh_enable&quot;:false}\">\n\t\t\t\t\t\t<div class=\"elementor-container elementor-column-gap-default\">\n\t\t\t\t\t<div class=\"elementor-column elementor-col-100 elementor-top-column elementor-element elementor-element-901f2a3\" data-id=\"901f2a3\" data-element_type=\"column\" data-e-type=\"column\">\n\t\t\t<div class=\"elementor-widget-wrap elementor-element-populated\">\n\t\t\t\t\t\t<div class=\"elementor-element elementor-element-2e048fa elementor-widget elementor-widget-spacer\" data-id=\"2e048fa\" data-element_type=\"widget\" data-e-type=\"widget\" data-widget_type=\"spacer.default\">\n\t\t\t\t<div class=\"elementor-widget-container\">\n\t\t\t\t\t\t\t<div class=\"elementor-spacer\">\n\t\t\t<div class=\"elementor-spacer-inner\"><\/div>\n\t\t<\/div>\n\t\t\t\t\t\t<\/div>\n\t\t\t\t<\/div>\n\t\t\t\t\t<\/div>\n\t\t<\/div>\n\t\t\t\t\t<\/div>\n\t\t<\/section>\n\t\t\t\t<\/div>\n\t\t","protected":false},"excerpt":{"rendered":"<p>HAFTUNGSAUSSCHLUSS HAFTUNG F\u00dcR INHALTE Als Diensteanbieter sind wir gem\u00e4\u00df \u00a7 7 Abs.1 TMG f\u00fcr eigene Inhalte auf diesen Seiten nach den allgemeinen Gesetzen verantwortlich. Nach \u00a7\u00a7 8 bis 10 TMG sind wir als Diensteanbieter jedoch nicht verpflichtet, \u00fcbermittelte oder gespeicherte fremde Informationen zu \u00fcberwachen oder nach Umst\u00e4nden zu forschen, die auf eine rechtswidrige T\u00e4tigkeit hinweisen. [&hellip;]<\/p>\n","protected":false},"author":1,"featured_media":0,"parent":1062,"menu_order":0,"comment_status":"closed","ping_status":"closed","template":"","meta":{"site-sidebar-layout":"no-sidebar","site-content-layout":"page-builder","ast-site-content-layout":"default","site-content-style":"default","site-sidebar-style":"default","ast-global-header-display":"","ast-banner-title-visibility":"","ast-main-header-display":"","ast-hfb-above-header-display":"","ast-hfb-below-header-display":"","ast-hfb-mobile-header-display":"","site-post-title":"disabled","ast-breadcrumbs-content":"","ast-featured-img":"disabled","footer-sml-layout":"","ast-disable-related-posts":"","theme-transparent-header-meta":"default","adv-header-id-meta":"","stick-header-meta":"","header-above-stick-meta":"","header-main-stick-meta":"","header-below-stick-meta":"","astra-migrate-meta-layouts":"default","ast-page-background-enabled":"default","ast-page-background-meta":{"desktop":{"background-color":"","background-image":"","background-repeat":"repeat","background-position":"center center","background-size":"auto","background-attachment":"scroll","background-type":"","background-media":"","overlay-type":"","overlay-color":"","overlay-opacity":"","overlay-gradient":""},"tablet":{"background-color":"","background-image":"","background-repeat":"repeat","background-position":"center center","background-size":"auto","background-attachment":"scroll","background-type":"","background-media":"","overlay-type":"","overlay-color":"","overlay-opacity":"","overlay-gradient":""},"mobile":{"background-color":"","background-image":"","background-repeat":"repeat","background-position":"center center","background-size":"auto","background-attachment":"scroll","background-type":"","background-media":"","overlay-type":"","overlay-color":"","overlay-opacity":"","overlay-gradient":""}},"ast-content-background-meta":{"desktop":{"background-color":"var(--ast-global-color-5)","background-image":"","background-repeat":"repeat","background-position":"center center","background-size":"auto","background-attachment":"scroll","background-type":"","background-media":"","overlay-type":"","overlay-color":"","overlay-opacity":"","overlay-gradient":""},"tablet":{"background-color":"var(--ast-global-color-5)","background-image":"","background-repeat":"repeat","background-position":"center center","background-size":"auto","background-attachment":"scroll","background-type":"","background-media":"","overlay-type":"","overlay-color":"","overlay-opacity":"","overlay-gradient":""},"mobile":{"background-color":"var(--ast-global-color-5)","background-image":"","background-repeat":"repeat","background-position":"center center","background-size":"auto","background-attachment":"scroll","background-type":"","background-media":"","overlay-type":"","overlay-color":"","overlay-opacity":"","overlay-gradient":""}},"footnotes":""},"class_list":["post-1120","page","type-page","status-publish","hentry"],"yoast_head":"<!-- This site is optimized with the Yoast SEO plugin v27.3 - https:\/\/yoast.com\/product\/yoast-seo-wordpress\/ -->\n<title>Haftungsausschluss - McTime - Zeiterfassung Software<\/title>\n<meta name=\"description\" content=\"McTime hilft Unternehmen aller Gr\u00f6\u00dfen Zeiten zu erfassen und Abwesenheiten zu managen. Einfache Bedienung, beliebt bei Chefs und Mitarbeitern.\" \/>\n<meta name=\"robots\" content=\"index, follow, max-snippet:-1, max-image-preview:large, max-video-preview:-1\" \/>\n<link rel=\"canonical\" href=\"https:\/\/mctime.com\/de\/legal\/disclaimer\/\" \/>\n<meta property=\"og:locale\" content=\"en_US\" \/>\n<meta property=\"og:type\" content=\"article\" \/>\n<meta property=\"og:title\" content=\"Haftungsausschluss - McTime - Zeiterfassung Software\" \/>\n<meta property=\"og:description\" content=\"McTime hilft Unternehmen aller Gr\u00f6\u00dfen Zeiten zu erfassen und Abwesenheiten zu managen. Einfache Bedienung, beliebt bei Chefs und Mitarbeitern.\" \/>\n<meta property=\"og:url\" content=\"https:\/\/mctime.com\/de\/legal\/disclaimer\/\" \/>\n<meta property=\"og:site_name\" content=\"McTime - Zeiterfassung Software\" \/>\n<meta property=\"article:publisher\" content=\"https:\/\/www.facebook.com\/McTimeSoftware\" \/>\n<meta property=\"article:modified_time\" content=\"2021-10-15T16:03:13+00:00\" \/>\n<meta property=\"og:image\" content=\"https:\/\/mctime.com\/de\/wp-content\/uploads\/2022\/01\/mctime_logo.png\" \/>\n\t<meta property=\"og:image:width\" content=\"2342\" \/>\n\t<meta property=\"og:image:height\" content=\"568\" \/>\n\t<meta property=\"og:image:type\" content=\"image\/png\" \/>\n<meta name=\"twitter:card\" content=\"summary_large_image\" \/>\n<meta name=\"twitter:label1\" content=\"Est. reading time\" \/>\n\t<meta name=\"twitter:data1\" content=\"2 minutes\" \/>\n<script type=\"application\/ld+json\" class=\"yoast-schema-graph\">{\"@context\":\"https:\\\/\\\/schema.org\",\"@graph\":[{\"@type\":\"WebPage\",\"@id\":\"https:\\\/\\\/mctime.com\\\/de\\\/legal\\\/disclaimer\\\/\",\"url\":\"https:\\\/\\\/mctime.com\\\/de\\\/legal\\\/disclaimer\\\/\",\"name\":\"Haftungsausschluss - McTime - Zeiterfassung Software\",\"isPartOf\":{\"@id\":\"https:\\\/\\\/mctime.com\\\/de\\\/#website\"},\"datePublished\":\"2021-10-15T15:57:21+00:00\",\"dateModified\":\"2021-10-15T16:03:13+00:00\",\"description\":\"McTime hilft Unternehmen aller Gr\u00f6\u00dfen Zeiten zu erfassen und Abwesenheiten zu managen. Einfache Bedienung, beliebt bei Chefs und Mitarbeitern.\",\"breadcrumb\":{\"@id\":\"https:\\\/\\\/mctime.com\\\/de\\\/legal\\\/disclaimer\\\/#breadcrumb\"},\"inLanguage\":\"en-US\",\"potentialAction\":[{\"@type\":\"ReadAction\",\"target\":[\"https:\\\/\\\/mctime.com\\\/de\\\/legal\\\/disclaimer\\\/\"]}]},{\"@type\":\"BreadcrumbList\",\"@id\":\"https:\\\/\\\/mctime.com\\\/de\\\/legal\\\/disclaimer\\\/#breadcrumb\",\"itemListElement\":[{\"@type\":\"ListItem\",\"position\":1,\"name\":\"Home\",\"item\":\"https:\\\/\\\/mctime.com\\\/de\\\/\"},{\"@type\":\"ListItem\",\"position\":2,\"name\":\"Legal Index\",\"item\":\"https:\\\/\\\/mctime.com\\\/de\\\/legal\\\/\"},{\"@type\":\"ListItem\",\"position\":3,\"name\":\"Haftungsausschluss\"}]},{\"@type\":\"WebSite\",\"@id\":\"https:\\\/\\\/mctime.com\\\/de\\\/#website\",\"url\":\"https:\\\/\\\/mctime.com\\\/de\\\/\",\"name\":\"McTime - Zeiterfassung Software\",\"description\":\"McTime Zeiterfassung hilft Unternehmen aller Gr\u00f6\u00dfen Zeiten zu erfassen und Abwesenheiten zu managen. Einfache Bedienung, beliebt bei Chefs und Mitarbeitern.\",\"publisher\":{\"@id\":\"https:\\\/\\\/mctime.com\\\/de\\\/#organization\"},\"potentialAction\":[{\"@type\":\"SearchAction\",\"target\":{\"@type\":\"EntryPoint\",\"urlTemplate\":\"https:\\\/\\\/mctime.com\\\/de\\\/?s={search_term_string}\"},\"query-input\":{\"@type\":\"PropertyValueSpecification\",\"valueRequired\":true,\"valueName\":\"search_term_string\"}}],\"inLanguage\":\"en-US\"},{\"@type\":\"Organization\",\"@id\":\"https:\\\/\\\/mctime.com\\\/de\\\/#organization\",\"name\":\"McTime\",\"url\":\"https:\\\/\\\/mctime.com\\\/de\\\/\",\"logo\":{\"@type\":\"ImageObject\",\"inLanguage\":\"en-US\",\"@id\":\"https:\\\/\\\/mctime.com\\\/de\\\/#\\\/schema\\\/logo\\\/image\\\/\",\"url\":\"https:\\\/\\\/mctime.com\\\/de\\\/wp-content\\\/uploads\\\/2022\\\/01\\\/mctime_icon_512x512.png\",\"contentUrl\":\"https:\\\/\\\/mctime.com\\\/de\\\/wp-content\\\/uploads\\\/2022\\\/01\\\/mctime_icon_512x512.png\",\"width\":512,\"height\":512,\"caption\":\"McTime\"},\"image\":{\"@id\":\"https:\\\/\\\/mctime.com\\\/de\\\/#\\\/schema\\\/logo\\\/image\\\/\"},\"sameAs\":[\"https:\\\/\\\/www.facebook.com\\\/McTimeSoftware\",\"https:\\\/\\\/www.instagram.com\\\/mctimesoftware\\\/\"]}]}<\/script>\n<!-- \/ Yoast SEO plugin. -->","yoast_head_json":{"title":"Haftungsausschluss - McTime - Zeiterfassung Software","description":"McTime hilft Unternehmen aller Gr\u00f6\u00dfen Zeiten zu erfassen und Abwesenheiten zu managen. Einfache Bedienung, beliebt bei Chefs und Mitarbeitern.","robots":{"index":"index","follow":"follow","max-snippet":"max-snippet:-1","max-image-preview":"max-image-preview:large","max-video-preview":"max-video-preview:-1"},"canonical":"https:\/\/mctime.com\/de\/legal\/disclaimer\/","og_locale":"en_US","og_type":"article","og_title":"Haftungsausschluss - McTime - Zeiterfassung Software","og_description":"McTime hilft Unternehmen aller Gr\u00f6\u00dfen Zeiten zu erfassen und Abwesenheiten zu managen. Einfache Bedienung, beliebt bei Chefs und Mitarbeitern.","og_url":"https:\/\/mctime.com\/de\/legal\/disclaimer\/","og_site_name":"McTime - Zeiterfassung Software","article_publisher":"https:\/\/www.facebook.com\/McTimeSoftware","article_modified_time":"2021-10-15T16:03:13+00:00","og_image":[{"width":2342,"height":568,"url":"https:\/\/mctime.com\/de\/wp-content\/uploads\/2022\/01\/mctime_logo.png","type":"image\/png"}],"twitter_card":"summary_large_image","twitter_misc":{"Est. reading time":"2 minutes"},"schema":{"@context":"https:\/\/schema.org","@graph":[{"@type":"WebPage","@id":"https:\/\/mctime.com\/de\/legal\/disclaimer\/","url":"https:\/\/mctime.com\/de\/legal\/disclaimer\/","name":"Haftungsausschluss - McTime - Zeiterfassung Software","isPartOf":{"@id":"https:\/\/mctime.com\/de\/#website"},"datePublished":"2021-10-15T15:57:21+00:00","dateModified":"2021-10-15T16:03:13+00:00","description":"McTime hilft Unternehmen aller Gr\u00f6\u00dfen Zeiten zu erfassen und Abwesenheiten zu managen. Einfache Bedienung, beliebt bei Chefs und Mitarbeitern.","breadcrumb":{"@id":"https:\/\/mctime.com\/de\/legal\/disclaimer\/#breadcrumb"},"inLanguage":"en-US","potentialAction":[{"@type":"ReadAction","target":["https:\/\/mctime.com\/de\/legal\/disclaimer\/"]}]},{"@type":"BreadcrumbList","@id":"https:\/\/mctime.com\/de\/legal\/disclaimer\/#breadcrumb","itemListElement":[{"@type":"ListItem","position":1,"name":"Home","item":"https:\/\/mctime.com\/de\/"},{"@type":"ListItem","position":2,"name":"Legal Index","item":"https:\/\/mctime.com\/de\/legal\/"},{"@type":"ListItem","position":3,"name":"Haftungsausschluss"}]},{"@type":"WebSite","@id":"https:\/\/mctime.com\/de\/#website","url":"https:\/\/mctime.com\/de\/","name":"McTime - Zeiterfassung Software","description":"McTime Zeiterfassung hilft Unternehmen aller Gr\u00f6\u00dfen Zeiten zu erfassen und Abwesenheiten zu managen. Einfache Bedienung, beliebt bei Chefs und Mitarbeitern.","publisher":{"@id":"https:\/\/mctime.com\/de\/#organization"},"potentialAction":[{"@type":"SearchAction","target":{"@type":"EntryPoint","urlTemplate":"https:\/\/mctime.com\/de\/?s={search_term_string}"},"query-input":{"@type":"PropertyValueSpecification","valueRequired":true,"valueName":"search_term_string"}}],"inLanguage":"en-US"},{"@type":"Organization","@id":"https:\/\/mctime.com\/de\/#organization","name":"McTime","url":"https:\/\/mctime.com\/de\/","logo":{"@type":"ImageObject","inLanguage":"en-US","@id":"https:\/\/mctime.com\/de\/#\/schema\/logo\/image\/","url":"https:\/\/mctime.com\/de\/wp-content\/uploads\/2022\/01\/mctime_icon_512x512.png","contentUrl":"https:\/\/mctime.com\/de\/wp-content\/uploads\/2022\/01\/mctime_icon_512x512.png","width":512,"height":512,"caption":"McTime"},"image":{"@id":"https:\/\/mctime.com\/de\/#\/schema\/logo\/image\/"},"sameAs":["https:\/\/www.facebook.com\/McTimeSoftware","https:\/\/www.instagram.com\/mctimesoftware\/"]}]}},"_links":{"self":[{"href":"https:\/\/mctime.com\/de\/wp-json\/wp\/v2\/pages\/1120","targetHints":{"allow":["GET"]}}],"collection":[{"href":"https:\/\/mctime.com\/de\/wp-json\/wp\/v2\/pages"}],"about":[{"href":"https:\/\/mctime.com\/de\/wp-json\/wp\/v2\/types\/page"}],"author":[{"embeddable":true,"href":"https:\/\/mctime.com\/de\/wp-json\/wp\/v2\/users\/1"}],"replies":[{"embeddable":true,"href":"https:\/\/mctime.com\/de\/wp-json\/wp\/v2\/comments?post=1120"}],"version-history":[{"count":0,"href":"https:\/\/mctime.com\/de\/wp-json\/wp\/v2\/pages\/1120\/revisions"}],"up":[{"embeddable":true,"href":"https:\/\/mctime.com\/de\/wp-json\/wp\/v2\/pages\/1062"}],"wp:attachment":[{"href":"https:\/\/mctime.com\/de\/wp-json\/wp\/v2\/media?parent=1120"}],"curies":[{"name":"wp","href":"https:\/\/api.w.org\/{rel}","templated":true}]}}